{"id":2,"date":"2024-09-18T17:15:41","date_gmt":"2024-09-18T17:15:41","guid":{"rendered":"http:\/\/feriusa.um.si\/?page_id=2"},"modified":"2024-12-29T18:35:20","modified_gmt":"2024-12-29T18:35:20","slug":"sample-page","status":"publish","type":"page","link":"https:\/\/feriusa.um.si\/","title":{"rendered":""},"content":{"rendered":"\n<div class=\"wp-block-columns is-layout-flex wp-container-core-columns-is-layout-1 wp-block-columns-is-layout-flex\">\n<div class=\"wp-block-column is-layout-flow wp-block-column-is-layout-flow\" style=\"flex-basis:10%\"><\/div>\n\n\n\n<div class=\"wp-block-column is-layout-flow wp-block-column-is-layout-flow\">\n<h2 class=\"wp-block-heading has-text-align-center has-large-font-size\">Nekaj o projektu<\/h2>\n\n\n\n<p>Smo \u0161tudenti 1. letnika magisterija na programu ra\u010dunalni\u0161tvo in informacijske tehnologije (R-IT) na fakulteti FERI. Februarja 2025 se odpravljamo na strokovno ekskurzijo na zahodno obalo ZDA, kjer si imamo namen ogledati nekatere pomembne univerze ter nekatera glavna podjetja v na\u0161i panogi. Verjamemo, da nam bo ta izku\u0161nja zelo pomagala v na\u0161em razvoju kot in\u017eenirji in da bomo na poti pridobili tudi veliko izku\u0161enj in do\u017eivetij.<\/p>\n<\/div>\n\n\n\n<div class=\"wp-block-column is-layout-flow wp-block-column-is-layout-flow\" style=\"flex-basis:10%\"><\/div>\n<\/div>\n\n\n\n<div class=\"wp-block-group alignfull has-text-color has-background\" style=\"color:#000000;background-color:#ffffff\"><div class=\"wp-block-group__inner-container is-layout-flow wp-block-group-is-layout-flow\">\n<div style=\"height:64px\" aria-hidden=\"true\" class=\"wp-block-spacer\"><\/div>\n\n\n\n<div class=\"wp-block-columns is-layout-flex wp-container-core-columns-is-layout-2 wp-block-columns-is-layout-flex\">\n<div class=\"wp-block-column is-layout-flow wp-block-column-is-layout-flow\" style=\"flex-basis:2%\"><\/div>\n\n\n\n<div class=\"wp-block-column is-layout-flow wp-block-column-is-layout-flow\">\n<div class=\"wp-block-group has-background\" style=\"background-color:#f2f2f2\"><div class=\"wp-block-group__inner-container is-layout-constrained wp-block-group-is-layout-constrained\">\n<div style=\"height:70px\" aria-hidden=\"true\" class=\"wp-block-spacer\"><\/div>\n\n\n<div class=\"wp-block-image\">\n<figure class=\"aligncenter size-full is-resized\"><a href=\"https:\/\/feriusa.um.si\/?attachment_id=252\"><img loading=\"lazy\" decoding=\"async\" width=\"216\" height=\"216\" src=\"https:\/\/feriusa.um.si\/wp-content\/uploads\/2024\/09\/history_edu_54dp_000000_FILL0_wght400_GRAD0_opsz48.png\" alt=\"\" class=\"wp-image-252\" style=\"object-fit:cover;width:54px;height:54px\" srcset=\"https:\/\/feriusa.um.si\/wp-content\/uploads\/2024\/09\/history_edu_54dp_000000_FILL0_wght400_GRAD0_opsz48.png 216w, https:\/\/feriusa.um.si\/wp-content\/uploads\/2024\/09\/history_edu_54dp_000000_FILL0_wght400_GRAD0_opsz48-150x150.png 150w\" sizes=\"(max-width: 216px) 100vw, 216px\" \/><\/a><\/figure><\/div>\n\n\n<div style=\"height:30px\" aria-hidden=\"true\" class=\"wp-block-spacer\"><\/div>\n\n\n\n<p class=\"has-text-align-center no-undeline\" style=\"font-size:5rem\"><a href=\"https:\/\/feriusa.um.si\/?page_id=158\" data-type=\"page\" data-id=\"158\">Blog<\/a><\/p>\n\n\n\n<div class=\"wp-block-cover\"><span aria-hidden=\"true\" class=\"wp-block-cover__background has-background-dim-60 has-background-dim\" style=\"background-color:#536a82\"><\/span><img loading=\"lazy\" decoding=\"async\" width=\"2000\" height=\"1076\" class=\"wp-block-cover__image-background wp-image-230\" alt=\"\" src=\"https:\/\/feriusa.um.si\/wp-content\/uploads\/2024\/09\/pexels-pixabay-372462.jpg\" style=\"object-position:50% 50%\" data-object-fit=\"cover\" data-object-position=\"50% 50%\" srcset=\"https:\/\/feriusa.um.si\/wp-content\/uploads\/2024\/09\/pexels-pixabay-372462.jpg 2000w, https:\/\/feriusa.um.si\/wp-content\/uploads\/2024\/09\/pexels-pixabay-372462-300x161.jpg 300w, https:\/\/feriusa.um.si\/wp-content\/uploads\/2024\/09\/pexels-pixabay-372462-1024x551.jpg 1024w, https:\/\/feriusa.um.si\/wp-content\/uploads\/2024\/09\/pexels-pixabay-372462-768x413.jpg 768w, https:\/\/feriusa.um.si\/wp-content\/uploads\/2024\/09\/pexels-pixabay-372462-1536x826.jpg 1536w, https:\/\/feriusa.um.si\/wp-content\/uploads\/2024\/09\/pexels-pixabay-372462-558x300.jpg 558w\" sizes=\"(max-width: 2000px) 100vw, 2000px\" \/><div class=\"wp-block-cover__inner-container is-layout-flow wp-block-cover-is-layout-flow\">\n<p class=\"no-undeline\" style=\"font-size:2.25rem\"><a href=\"https:\/\/feriusa.um.si\/?page_id=158\" data-type=\"page\" data-id=\"158\">\u010ce vas zanimajo na\u0161a do\u017eivetja tekom ekskurzije, lahko sledite na\u0161emu blogu, kamor bomo redno objavljali.<\/a><\/p>\n<\/div><\/div>\n<\/div><\/div>\n<\/div>\n\n\n\n<div class=\"wp-block-column is-layout-flow wp-block-column-is-layout-flow\">\n<div class=\"wp-block-group has-background\" style=\"background-color:#f2f2f2\"><div class=\"wp-block-group__inner-container is-layout-constrained wp-block-group-is-layout-constrained\">\n<div style=\"height:70px\" aria-hidden=\"true\" class=\"wp-block-spacer\"><\/div>\n\n\n<div class=\"wp-block-image\">\n<figure class=\"aligncenter size-full is-resized\"><a href=\"https:\/\/feriusa.um.si\/?attachment_id=251\"><img loading=\"lazy\" decoding=\"async\" width=\"216\" height=\"216\" src=\"https:\/\/feriusa.um.si\/wp-content\/uploads\/2024\/09\/savings_54dp_000000_FILL0_wght400_GRAD0_opsz48.png\" alt=\"\" class=\"wp-image-251\" style=\"object-fit:cover;width:54px;height:54px\" srcset=\"https:\/\/feriusa.um.si\/wp-content\/uploads\/2024\/09\/savings_54dp_000000_FILL0_wght400_GRAD0_opsz48.png 216w, https:\/\/feriusa.um.si\/wp-content\/uploads\/2024\/09\/savings_54dp_000000_FILL0_wght400_GRAD0_opsz48-150x150.png 150w\" sizes=\"(max-width: 216px) 100vw, 216px\" \/><\/a><\/figure><\/div>\n\n\n<div style=\"height:30px\" aria-hidden=\"true\" class=\"wp-block-spacer\"><\/div>\n\n\n\n<p class=\"has-text-align-center no-undeline\" style=\"font-size:5rem\"><a href=\"https:\/\/feriusa.um.si\/?page_id=59\" data-type=\"page\" data-id=\"59\">Sponzorji<\/a><\/p>\n\n\n\n<div class=\"wp-block-cover\"><span aria-hidden=\"true\" class=\"wp-block-cover__background has-background-dim-60 has-background-dim\" style=\"background-color:#536a82\"><\/span><img loading=\"lazy\" decoding=\"async\" width=\"2048\" height=\"1365\" class=\"wp-block-cover__image-background wp-image-267\" alt=\"\" src=\"https:\/\/feriusa.um.si\/wp-content\/uploads\/2024\/09\/pexels-pixabay-269077.jpg\" data-object-fit=\"cover\" srcset=\"https:\/\/feriusa.um.si\/wp-content\/uploads\/2024\/09\/pexels-pixabay-269077.jpg 2048w, https:\/\/feriusa.um.si\/wp-content\/uploads\/2024\/09\/pexels-pixabay-269077-300x200.jpg 300w, https:\/\/feriusa.um.si\/wp-content\/uploads\/2024\/09\/pexels-pixabay-269077-1024x683.jpg 1024w, https:\/\/feriusa.um.si\/wp-content\/uploads\/2024\/09\/pexels-pixabay-269077-768x512.jpg 768w, https:\/\/feriusa.um.si\/wp-content\/uploads\/2024\/09\/pexels-pixabay-269077-1536x1024.jpg 1536w, https:\/\/feriusa.um.si\/wp-content\/uploads\/2024\/09\/pexels-pixabay-269077-960x640.jpg 960w, https:\/\/feriusa.um.si\/wp-content\/uploads\/2024\/09\/pexels-pixabay-269077-450x300.jpg 450w\" sizes=\"(max-width: 2048px) 100vw, 2048px\" \/><div class=\"wp-block-cover__inner-container is-layout-flow wp-block-cover-is-layout-flow\">\n<p class=\"no-undeline has-white-color has-text-color has-link-color wp-elements-212a14e818a6256c18d46f8065aed494\" style=\"font-size:2.25rem\"><a href=\"https:\/\/feriusa.um.si\/?page_id=59\" data-type=\"page\" data-id=\"59\">Ekskurzijo nam omogo\u010dajo na\u0161i sponzorji, donatorji ter Univerza v Mariboru.<\/a><\/p>\n<\/div><\/div>\n<\/div><\/div>\n<\/div>\n\n\n\n<div class=\"wp-block-column is-layout-flow wp-block-column-is-layout-flow\">\n<div class=\"wp-block-group has-background\" style=\"background-color:#f2f2f2\"><div class=\"wp-block-group__inner-container is-layout-constrained wp-block-group-is-layout-constrained\">\n<div style=\"height:70px\" aria-hidden=\"true\" class=\"wp-block-spacer\"><\/div>\n\n\n<div class=\"wp-block-image\">\n<figure class=\"aligncenter size-full is-resized\"><a href=\"https:\/\/feriusa.um.si\/?attachment_id=259\"><img loading=\"lazy\" decoding=\"async\" width=\"216\" height=\"216\" src=\"https:\/\/feriusa.um.si\/wp-content\/uploads\/2024\/09\/keyboard_double_arrow_left_54dp_000000_FILL0_wght400_GRAD0_opsz481.png\" alt=\"\" class=\"wp-image-259\" style=\"object-fit:cover;width:54px;height:54px\" srcset=\"https:\/\/feriusa.um.si\/wp-content\/uploads\/2024\/09\/keyboard_double_arrow_left_54dp_000000_FILL0_wght400_GRAD0_opsz481.png 216w, https:\/\/feriusa.um.si\/wp-content\/uploads\/2024\/09\/keyboard_double_arrow_left_54dp_000000_FILL0_wght400_GRAD0_opsz481-150x150.png 150w\" sizes=\"(max-width: 216px) 100vw, 216px\" \/><\/a><\/figure><\/div>\n\n\n<div style=\"height:30px\" aria-hidden=\"true\" class=\"wp-block-spacer\"><\/div>\n\n\n\n<p class=\"has-text-align-center no-undeline\" style=\"font-size:5rem\"><a href=\"https:\/\/feriusa.um.si\/?page_id=285\" data-type=\"page\" data-id=\"285\">Preteklost<\/a><\/p>\n\n\n\n<div class=\"wp-block-cover\"><span aria-hidden=\"true\" class=\"wp-block-cover__background has-background-dim-60 has-background-dim\" style=\"background-color:#536a82\"><\/span><img loading=\"lazy\" decoding=\"async\" width=\"2560\" height=\"1717\" class=\"wp-block-cover__image-background wp-image-255\" alt=\"\" src=\"https:\/\/feriusa.um.si\/wp-content\/uploads\/2024\/09\/pexels-bongvideos-production-1310991-2524366-scaled.jpg\" data-object-fit=\"cover\" srcset=\"https:\/\/feriusa.um.si\/wp-content\/uploads\/2024\/09\/pexels-bongvideos-production-1310991-2524366-scaled.jpg 2560w, https:\/\/feriusa.um.si\/wp-content\/uploads\/2024\/09\/pexels-bongvideos-production-1310991-2524366-300x201.jpg 300w, https:\/\/feriusa.um.si\/wp-content\/uploads\/2024\/09\/pexels-bongvideos-production-1310991-2524366-1024x687.jpg 1024w, https:\/\/feriusa.um.si\/wp-content\/uploads\/2024\/09\/pexels-bongvideos-production-1310991-2524366-768x515.jpg 768w, https:\/\/feriusa.um.si\/wp-content\/uploads\/2024\/09\/pexels-bongvideos-production-1310991-2524366-1536x1030.jpg 1536w, https:\/\/feriusa.um.si\/wp-content\/uploads\/2024\/09\/pexels-bongvideos-production-1310991-2524366-2048x1373.jpg 2048w, https:\/\/feriusa.um.si\/wp-content\/uploads\/2024\/09\/pexels-bongvideos-production-1310991-2524366-447x300.jpg 447w\" sizes=\"(max-width: 2560px) 100vw, 2560px\" \/><div class=\"wp-block-cover__inner-container is-layout-flow wp-block-cover-is-layout-flow\">\n<p class=\"no-undeline\" style=\"font-size:2.25rem\"><a href=\"https:\/\/feriusa.um.si\/?page_id=285\" data-type=\"page\" data-id=\"285\">Nismo prvi \u0161tudenti FERI, ki gremo na ekskurzijo v ZDA. \u010ce vas zanima ve\u010d, lahko pogledate nekaj utrinkov prej\u0161njih generacij.<\/a><\/p>\n<\/div><\/div>\n<\/div><\/div>\n<\/div>\n\n\n\n<div class=\"wp-block-column is-layout-flow wp-block-column-is-layout-flow\" style=\"flex-basis:2%\"><\/div>\n<\/div>\n\n\n\n<div style=\"height:100px\" aria-hidden=\"true\" class=\"wp-block-spacer\"><\/div>\n\n\n\n<h2 class=\"wp-block-heading has-text-align-center\" id=\"schedule-a-visit\" style=\"font-size:59px;line-height:1.15\">Kako v stik z nami<\/h2>\n\n\n\n<div class=\"wp-block-buttons is-horizontal is-content-justification-center is-layout-flex wp-container-core-buttons-is-layout-1 wp-block-buttons-is-layout-flex\">\n<div class=\"wp-block-button has-custom-width wp-block-button__width-50\"><a class=\"wp-block-button__link has-text-color has-background wp-element-button\" href=\"https:\/\/feriusa.um.si\/?page_id=23\" style=\"border-radius:50px;color:#ffffff;background-color:#000000\">Kontaktirajte nas<\/a><\/div>\n<\/div>\n\n\n\n<div style=\"height:64px\" aria-hidden=\"true\" class=\"wp-block-spacer\"><\/div>\n<\/div><\/div>\n","protected":false},"excerpt":{"rendered":"<p>Nekaj o projektu Smo \u0161tudenti 1. letnika magisterija na programu ra\u010dunalni\u0161tvo in informacijske tehnologije (R-IT) na fakulteti FERI. Februarja 2025 se odpravljamo na strokovno ekskurzijo na zahodno obalo ZDA, kjer si imamo namen ogledati nekatere pomembne univerze ter nekatera glavna podjetja v na\u0161i panogi. Verjamemo, da nam bo ta izku\u0161nja zelo pomagala v na\u0161em razvoju&#8230; <\/p>\n<div class=\"link-more\"><a href=\"https:\/\/feriusa.um.si\/\">Read More<\/a><\/div>\n","protected":false},"author":1,"featured_media":655,"parent":0,"menu_order":0,"comment_status":"closed","ping_status":"open","template":"","meta":{"footnotes":""},"class_list":["post-2","page","type-page","status-publish","has-post-thumbnail","hentry"],"_links":{"self":[{"href":"https:\/\/feriusa.um.si\/index.php?rest_route=\/wp\/v2\/pages\/2"}],"collection":[{"href":"https:\/\/feriusa.um.si\/index.php?rest_route=\/wp\/v2\/pages"}],"about":[{"href":"https:\/\/feriusa.um.si\/index.php?rest_route=\/wp\/v2\/types\/page"}],"author":[{"embeddable":true,"href":"https:\/\/feriusa.um.si\/index.php?rest_route=\/wp\/v2\/users\/1"}],"replies":[{"embeddable":true,"href":"https:\/\/feriusa.um.si\/index.php?rest_route=%2Fwp%2Fv2%2Fcomments&post=2"}],"version-history":[{"count":90,"href":"https:\/\/feriusa.um.si\/index.php?rest_route=\/wp\/v2\/pages\/2\/revisions"}],"predecessor-version":[{"id":659,"href":"https:\/\/feriusa.um.si\/index.php?rest_route=\/wp\/v2\/pages\/2\/revisions\/659"}],"wp:featuredmedia":[{"embeddable":true,"href":"https:\/\/feriusa.um.si\/index.php?rest_route=\/wp\/v2\/media\/655"}],"wp:attachment":[{"href":"https:\/\/feriusa.um.si\/index.php?rest_route=%2Fwp%2Fv2%2Fmedia&parent=2"}],"curies":[{"name":"wp","href":"https:\/\/api.w.org\/{rel}","templated":true}]}}